{"id":9,"date":"2026-02-18T16:13:22","date_gmt":"2026-02-18T16:13:22","guid":{"rendered":"https:\/\/jobenplus.fr\/?page_id=9"},"modified":"2026-02-24T21:22:12","modified_gmt":"2026-02-24T21:22:12","slug":"accueil","status":"publish","type":"page","link":"https:\/\/jobenplus.fr\/","title":{"rendered":"Accueil"},"content":{"rendered":"\t\t<div data-elementor-type=\"wp-page\" data-elementor-id=\"9\" class=\"elementor elementor-9\">\n\t\t\t\t<div class=\"elementor-element elementor-element-1d71fe1 e-con-full e-flex e-con e-parent\" data-id=\"1d71fe1\" data-element_type=\"container\" data-e-type=\"container\" data-settings=\"{&quot;background_background&quot;:&quot;classic&quot;}\">\n\t\t\t\t<div class=\"elementor-element elementor-element-323513a elementor-widget elementor-widget-heading\" data-id=\"323513a\" data-element_type=\"widget\" data-e-type=\"widget\" data-widget_type=\"heading.default\">\n\t\t\t\t\t<h2 class=\"elementor-heading-title elementor-size-default\">Vos objectifs, votre plan !<\/h2>\t\t\t\t<\/div>\n\t\t\t\t<div class=\"elementor-element elementor-element-6078207 elementor-widget elementor-widget-text-editor\" data-id=\"6078207\" data-element_type=\"widget\" data-e-type=\"widget\" data-widget_type=\"text-editor.default\">\n\t\t\t\t\t\t\t\t\t<p>G\u00e9n\u00e9rez un compl\u00e9ment de revenu<\/p><p>&nbsp;\u00e0 partir de&nbsp;<strong>200\u20ac<\/strong>&nbsp;par mois, \u00e0&nbsp;<strong>votre rythme<\/strong>.`<\/p>\t\t\t\t\t\t\t\t<\/div>\n\t\t\t\t<\/div>\n\t\t<div class=\"elementor-element elementor-element-a1b9fdd e-grid e-con-boxed e-con e-parent\" data-id=\"a1b9fdd\" data-element_type=\"container\" data-e-type=\"container\">\n\t\t\t\t\t<div class=\"e-con-inner\">\n\t\t\t\t<div class=\"elementor-element elementor-element-b6ca987 elementor-widget__width-inherit elementor-widget elementor-widget-heading\" data-id=\"b6ca987\" data-element_type=\"widget\" data-e-type=\"widget\" data-widget_type=\"heading.default\">\n\t\t\t\t\t<h2 class=\"elementor-heading-title elementor-size-default\">Une activit\u00e9 ind\u00e9pendante bas\u00e9e sur la distribution de produits.<\/h2>\t\t\t\t<\/div>\n\t\t\t\t<div class=\"elementor-element elementor-element-070a4bd elementor-widget elementor-widget-text-editor\" data-id=\"070a4bd\" data-element_type=\"widget\" data-e-type=\"widget\" data-widget_type=\"text-editor.default\">\n\t\t\t\t\t\t\t\t\t<p data-start=\"719\" data-end=\"872\">L\u2019opportunit\u00e9 repose sur la commercialisation de produits de consommation courante <em>(parfums, cosm\u00e9tiques, maison)<\/em> via un mod\u00e8le de marketing relationnel.<\/p><ul data-start=\"890\" data-end=\"1037\"><li data-start=\"890\" data-end=\"923\"><p data-start=\"892\" data-end=\"923\">Vous recommandez des produits<\/p><\/li><li data-start=\"924\" data-end=\"967\"><p data-start=\"926\" data-end=\"967\">Vous d\u00e9veloppez un portefeuille clients<\/p><\/li><li data-start=\"968\" data-end=\"1037\"><p data-start=\"970\" data-end=\"1037\">Vous pouvez, si vous le souhaitez, accompagner d\u2019autres personnes<\/p><\/li><\/ul><p data-start=\"1039\" data-end=\"1128\"><em>Les revenus sont variables et d\u00e9pendent du temps investi et de l\u2019implication personnelle.<\/em><\/p>\t\t\t\t\t\t\t\t<\/div>\n\t\t\t\t\t<\/div>\n\t\t\t\t<\/div>\n\t\t<div class=\"elementor-element elementor-element-7e0d473 e-grid e-con-boxed e-con e-parent\" data-id=\"7e0d473\" data-element_type=\"container\" data-e-type=\"container\">\n\t\t\t\t\t<div class=\"e-con-inner\">\n\t\t\t\t<div class=\"elementor-element elementor-element-cab9872 elementor-widget elementor-widget-image\" data-id=\"cab9872\" data-element_type=\"widget\" data-e-type=\"widget\" data-widget_type=\"image.default\">\n\t\t\t\t\t\t\t\t\t\t\t\t\t\t\t<img decoding=\"async\" src=\"https:\/\/jobenplus.fr\/wp-content\/plugins\/elementor\/assets\/images\/placeholder.png\" title=\"\" alt=\"\" loading=\"lazy\" \/>\t\t\t\t\t\t\t\t\t\t\t\t\t\t\t<\/div>\n\t\t\t\t<div class=\"elementor-element elementor-element-aab7d6e elementor-widget elementor-widget-text-editor\" data-id=\"aab7d6e\" data-element_type=\"widget\" data-e-type=\"widget\" data-widget_type=\"text-editor.default\">\n\t\t\t\t\t\t\t\t\t<p>Marie<br \/>40 ans<br \/>Aide-soignante<br \/>2 enfants<\/p><p>\u00a0<\/p><p>\u00ab\u00a0Lorem ipsum dolor sit amet, consectetur adipiscing elit. Ut elit tellus, luctus nec ullamcorper mattis, pulvinar dapibus leo.Ut elit tellus, luctus nec ullamcorper mattis, pulvinar dapibus leo.\u00a0\u00bb<\/p>\t\t\t\t\t\t\t\t<\/div>\n\t\t\t\t\t<\/div>\n\t\t\t\t<\/div>\n\t\t<div class=\"elementor-element elementor-element-dbda0d7 e-flex e-con-boxed e-con e-parent\" data-id=\"dbda0d7\" data-element_type=\"container\" data-e-type=\"container\">\n\t\t\t\t\t<div class=\"e-con-inner\">\n\t\t<div class=\"elementor-element elementor-element-8a647ec e-con-full e-flex e-con e-child\" data-id=\"8a647ec\" data-element_type=\"container\" data-e-type=\"container\">\n\t\t\t\t<\/div>\n\t\t<div class=\"elementor-element elementor-element-641db6d e-con-full e-flex e-con e-child\" data-id=\"641db6d\" data-element_type=\"container\" data-e-type=\"container\">\n\t\t\t\t<\/div>\n\t\t<div class=\"elementor-element elementor-element-abc4394 e-con-full e-flex e-con e-child\" data-id=\"abc4394\" data-element_type=\"container\" data-e-type=\"container\">\n\t\t\t\t<\/div>\n\t\t<div class=\"elementor-element elementor-element-b536231 e-con-full e-flex e-con e-child\" data-id=\"b536231\" data-element_type=\"container\" data-e-type=\"container\">\n\t\t\t\t<\/div>\n\t\t\t\t\t<\/div>\n\t\t\t\t<\/div>\n\t\t<div class=\"elementor-element elementor-element-8efac6b e-flex e-con-boxed e-con e-parent\" data-id=\"8efac6b\" data-element_type=\"container\" data-e-type=\"container\">\n\t\t\t\t\t<div class=\"e-con-inner\">\n\t\t\t\t<div class=\"elementor-element elementor-element-8b331ee animated-slow elementor-arrows-position-inside elementor-pagination-position-outside elementor-invisible elementor-widget elementor-widget-image-carousel\" data-id=\"8b331ee\" data-element_type=\"widget\" data-e-type=\"widget\" data-settings=\"{&quot;slides_to_show&quot;:&quot;1&quot;,&quot;_animation&quot;:&quot;fadeInLeft&quot;,&quot;navigation&quot;:&quot;both&quot;,&quot;autoplay&quot;:&quot;yes&quot;,&quot;pause_on_hover&quot;:&quot;yes&quot;,&quot;pause_on_interaction&quot;:&quot;yes&quot;,&quot;autoplay_speed&quot;:5000,&quot;infinite&quot;:&quot;yes&quot;,&quot;effect&quot;:&quot;slide&quot;,&quot;speed&quot;:500}\" data-widget_type=\"image-carousel.default\">\n\t\t\t\t\t\t\t<div class=\"elementor-image-carousel-wrapper swiper\" role=\"region\" aria-roledescription=\"carousel\" aria-label=\"Carrousel d\u2019images\" dir=\"ltr\">\n\t\t\t<div class=\"elementor-image-carousel swiper-wrapper\" aria-live=\"off\">\n\t\t\t\t\t\t\t\t<div class=\"swiper-slide\" role=\"group\" aria-roledescription=\"slide\" aria-label=\"1 sur 2\"><figure class=\"swiper-slide-inner\"><img decoding=\"async\" class=\"swiper-slide-image\" src=\"https:\/\/jobenplus.fr\/wp-content\/uploads\/2026\/02\/chiffres-equipe-2-scaled.png\" alt=\"test\" \/><\/figure><\/div><div class=\"swiper-slide\" role=\"group\" aria-roledescription=\"slide\" aria-label=\"2 sur 2\"><figure class=\"swiper-slide-inner\"><img decoding=\"async\" class=\"swiper-slide-image\" src=\"https:\/\/jobenplus.fr\/wp-content\/uploads\/2026\/02\/chiffres-equipe-2-b-scaled.png\" alt=\"test2\" \/><\/figure><\/div>\t\t\t<\/div>\n\t\t\t\t\t\t\t\t\t\t\t\t<div class=\"elementor-swiper-button elementor-swiper-button-prev\" role=\"button\" tabindex=\"0\">\n\t\t\t\t\t\t<svg aria-hidden=\"true\" class=\"e-font-icon-svg e-eicon-chevron-left\" viewBox=\"0 0 1000 1000\" xmlns=\"http:\/\/www.w3.org\/2000\/svg\"><path d=\"M646 125C629 125 613 133 604 142L308 442C296 454 292 471 292 487 292 504 296 521 308 533L604 854C617 867 629 875 646 875 663 875 679 871 692 858 704 846 713 829 713 812 713 796 708 779 692 767L438 487 692 225C700 217 708 204 708 187 708 171 704 154 692 142 675 129 663 125 646 125Z\"><\/path><\/svg>\t\t\t\t\t<\/div>\n\t\t\t\t\t<div class=\"elementor-swiper-button elementor-swiper-button-next\" role=\"button\" tabindex=\"0\">\n\t\t\t\t\t\t<svg aria-hidden=\"true\" class=\"e-font-icon-svg e-eicon-chevron-right\" viewBox=\"0 0 1000 1000\" xmlns=\"http:\/\/www.w3.org\/2000\/svg\"><path d=\"M696 533C708 521 713 504 713 487 713 471 708 454 696 446L400 146C388 133 375 125 354 125 338 125 325 129 313 142 300 154 292 171 292 187 292 204 296 221 308 233L563 492 304 771C292 783 288 800 288 817 288 833 296 850 308 863 321 871 338 875 354 875 371 875 388 867 400 854L696 533Z\"><\/path><\/svg>\t\t\t\t\t<\/div>\n\t\t\t\t\n\t\t\t\t\t\t\t\t\t<div class=\"swiper-pagination\"><\/div>\n\t\t\t\t\t\t\t\t\t<\/div>\n\t\t\t\t\t\t<\/div>\n\t\t\t\t\t<\/div>\n\t\t\t\t<\/div>\n\t\t\t\t<\/div>\n\t\t","protected":false},"excerpt":{"rendered":"<p>Vos objectifs, votre plan ! G\u00e9n\u00e9rez un compl\u00e9ment de revenu &nbsp;\u00e0 partir de&nbsp;200\u20ac&nbsp;par mois, \u00e0&nbsp;votre rythme.` Une activit\u00e9 ind\u00e9pendante bas\u00e9e sur la distribution de produits. L\u2019opportunit\u00e9 repose sur la commercialisation de produits de consommation courante (parfums, cosm\u00e9tiques, maison) via un mod\u00e8le de marketing relationnel. Vous recommandez des produits Vous d\u00e9veloppez un portefeuille clients Vous pouvez, [&hellip;]<\/p>\n","protected":false},"author":1,"featured_media":0,"parent":0,"menu_order":0,"comment_status":"closed","ping_status":"closed","template":"elementor_header_footer","meta":{"footnotes":""},"class_list":["post-9","page","type-page","status-publish","hentry"],"_links":{"self":[{"href":"https:\/\/jobenplus.fr\/index.php\/wp-json\/wp\/v2\/pages\/9","targetHints":{"allow":["GET"]}}],"collection":[{"href":"https:\/\/jobenplus.fr\/index.php\/wp-json\/wp\/v2\/pages"}],"about":[{"href":"https:\/\/jobenplus.fr\/index.php\/wp-json\/wp\/v2\/types\/page"}],"author":[{"embeddable":true,"href":"https:\/\/jobenplus.fr\/index.php\/wp-json\/wp\/v2\/users\/1"}],"replies":[{"embeddable":true,"href":"https:\/\/jobenplus.fr\/index.php\/wp-json\/wp\/v2\/comments?post=9"}],"version-history":[{"count":74,"href":"https:\/\/jobenplus.fr\/index.php\/wp-json\/wp\/v2\/pages\/9\/revisions"}],"predecessor-version":[{"id":129,"href":"https:\/\/jobenplus.fr\/index.php\/wp-json\/wp\/v2\/pages\/9\/revisions\/129"}],"wp:attachment":[{"href":"https:\/\/jobenplus.fr\/index.php\/wp-json\/wp\/v2\/media?parent=9"}],"curies":[{"name":"wp","href":"https:\/\/api.w.org\/{rel}","templated":true}]}}